{"id":2,"date":"2023-03-17T17:23:03","date_gmt":"2023-03-17T17:23:03","guid":{"rendered":"https:\/\/dtech.uniroma3.it\/?page_id=2"},"modified":"2024-12-04T08:36:29","modified_gmt":"2024-12-04T08:36:29","slug":"risultati","status":"publish","type":"page","link":"https:\/\/dtech.uniroma3.it\/index.php\/risultati\/","title":{"rendered":"risultati"},"content":{"rendered":"\n<p>La piattaforma soddisfa i principi FAIR e, come prodotto compiuto rivolto al trasferimento di competenze tecnologiche nel campo del CH, pu\u00f2 essere installata presso tutti quegli enti museali, conservatorie e istituti culturali che hanno manifestato interesse ad utilizzarla fin dalle prime fasi della sua progettazione. Inoltre, grazie al suo sviluppo in ambiente Open Source essa \u00e8 costantemente implementabile e aggiornabile (come meglio specificato al paragrafo 1.1) e, laddove gli enti interessati siano disponibili a condividerne i contenuti, essa pu\u00f2 essere destinata a un mercato di utenti esterni, ad esempio studiosi o altri enti pubblici o privati.<\/p>\n\n\n\n<p>In termini di risultati indiretti il progetto si prevede possa avere le seguenti ricadute:<\/p>\n\n\n\n<ul class=\"wp-block-list\">\n<li>dare un forte impulso alla digitalizzazione del patrimonio culturale sotto forma di <em>Digital Twin, <\/em>che rappresenta il contenuto prioritario per la pubblicazione, del bene, sulla piattaforma;<\/li>\n\n\n\n<li>incentivare l\u2019uso dei sistemi di comunicazione mediante le tecnologie ICT per i beni culturali;<\/li>\n\n\n\n<li>favorire un continuo e costante aggiornamento, sull\u2019uso di modelli e dati 3D per la gestione dei beni culturali, nella formazione del personale impiegato nei luoghi della cultura;<\/li>\n\n\n\n<li>incrementare la disponibilit\u00e0 di copie digitali di beni mobili e immobili consentendo ai gestori dei luoghi della cultura di avviare diverse iniziative rivolte alla valorizzazione delle proprie collezioni, anche attraverso il coinvolgimento degli utenti in esperienze di visita <em>on line.<\/em> Queste ultime, infatti, si sono dimostrate in grado di attrarre (come si \u00e8 rivelato durante la recente pandemia) tipologie di pubblico sempre pi\u00f9 varie e numericamente pi\u00f9 ampie. Le copie digitali contenute all\u2019interno della piattaforma proposta dal progetto D-TECH saranno cos\u00ec, al contempo, dispositivi funzionali alla gestione e al monitoraggio dei beni, ma anche strumenti di valorizzazione.<\/li>\n<\/ul>\n\n\n\n<h2 class=\"wp-block-heading\">Deliverable<\/h2>\n\n\n\n<div class=\"wp-block-group\"><div class=\"wp-block-group__inner-container is-layout-constrained wp-block-group-is-layout-constrained\">\n<div data-wp-interactive=\"core\/file\" class=\"wp-block-file\"><object data-wp-bind--hidden=\"!state.hasPdfPreview\" hidden class=\"wp-block-file__embed\" data=\"https:\/\/dtech.uniroma3.it\/wp-content\/uploads\/2024\/12\/D1.A2-Report-Gestione-del-progetto-e-Disseminazione-dei-risultati.docx-1.pdf\" type=\"application\/pdf\" style=\"width:100%;height:600px\" aria-label=\"Incorporamento di D1.A2 Report  Gestione del progetto e Disseminazione dei risultati.docx.\"><\/object><a id=\"wp-block-file--media-2d8f18f8-954d-4154-9031-42fb184c3922\" href=\"https:\/\/dtech.uniroma3.it\/wp-content\/uploads\/2024\/12\/D1.A2-Report-Gestione-del-progetto-e-Disseminazione-dei-risultati.docx-1.pdf\">D1.A2 Report  Gestione del progetto e Disseminazione dei risultati.docx<\/a><a href=\"https:\/\/dtech.uniroma3.it\/wp-content\/uploads\/2024\/12\/D1.A2-Report-Gestione-del-progetto-e-Disseminazione-dei-risultati.docx-1.pdf\" class=\"wp-block-file__button wp-element-button\" download aria-describedby=\"wp-block-file--media-2d8f18f8-954d-4154-9031-42fb184c3922\">Download<\/a><\/div>\n<\/div><\/div>\n\n\n\n<div data-wp-interactive=\"core\/file\" class=\"wp-block-file\"><object data-wp-bind--hidden=\"!state.hasPdfPreview\" hidden class=\"wp-block-file__embed\" data=\"https:\/\/dtech.uniroma3.it\/wp-content\/uploads\/2024\/12\/D1.B-Analisi-e-sviluppo-di-un-piano-per-la-sostenibilita-del-progetto.docx-1.pdf\" type=\"application\/pdf\" style=\"width:100%;height:600px\" aria-label=\"Incorporamento di D1.B - Analisi e sviluppo di un piano per la sostenibilit\u00e0 del progetto.docx.\"><\/object><a id=\"wp-block-file--media-1d93a23c-91d5-4170-8e36-a57e3707691d\" href=\"https:\/\/dtech.uniroma3.it\/wp-content\/uploads\/2024\/12\/D1.B-Analisi-e-sviluppo-di-un-piano-per-la-sostenibilita-del-progetto.docx-1.pdf\">D1.B &#8211; Analisi e sviluppo di un piano per la sostenibilit\u00e0 del progetto.docx<\/a><a href=\"https:\/\/dtech.uniroma3.it\/wp-content\/uploads\/2024\/12\/D1.B-Analisi-e-sviluppo-di-un-piano-per-la-sostenibilita-del-progetto.docx-1.pdf\" class=\"wp-block-file__button wp-element-button\" download aria-describedby=\"wp-block-file--media-1d93a23c-91d5-4170-8e36-a57e3707691d\">Download<\/a><\/div>\n\n\n\n<div data-wp-interactive=\"core\/file\" class=\"wp-block-file\"><object data-wp-bind--hidden=\"!state.hasPdfPreview\" hidden class=\"wp-block-file__embed\" data=\"https:\/\/dtech.uniroma3.it\/wp-content\/uploads\/2024\/12\/D3.B-Proof-of-concept-piattaforma.docx.pdf\" type=\"application\/pdf\" style=\"width:100%;height:600px\" aria-label=\"Incorporamento di D3.B - Proof of concept piattaforma.docx.\"><\/object><a id=\"wp-block-file--media-dcd8562c-967b-450d-849d-b696dc28b42c\" href=\"https:\/\/dtech.uniroma3.it\/wp-content\/uploads\/2024\/12\/D3.B-Proof-of-concept-piattaforma.docx.pdf\">D3.B &#8211; Proof of concept piattaforma.docx<\/a><a href=\"https:\/\/dtech.uniroma3.it\/wp-content\/uploads\/2024\/12\/D3.B-Proof-of-concept-piattaforma.docx.pdf\" class=\"wp-block-file__button wp-element-button\" download aria-describedby=\"wp-block-file--media-dcd8562c-967b-450d-849d-b696dc28b42c\">Download<\/a><\/div>\n\n\n\n<div data-wp-interactive=\"core\/file\" class=\"wp-block-file\"><object data-wp-bind--hidden=\"!state.hasPdfPreview\" hidden class=\"wp-block-file__embed\" data=\"https:\/\/dtech.uniroma3.it\/wp-content\/uploads\/2024\/12\/D3.C-Rilascio-della-prima-versione-della-piattaforma-Release-1.0.2.docx-1.pdf\" type=\"application\/pdf\" style=\"width:100%;height:600px\" aria-label=\"Incorporamento di D3.C - Rilascio della prima versione della piattaforma (Release 1.0.2).docx (1).\"><\/object><a id=\"wp-block-file--media-049eb829-b5c2-4d1a-8bb7-a64c3efd5388\" href=\"https:\/\/dtech.uniroma3.it\/wp-content\/uploads\/2024\/12\/D3.C-Rilascio-della-prima-versione-della-piattaforma-Release-1.0.2.docx-1.pdf\">D3.C &#8211; Rilascio della prima versione della piattaforma (Release 1.0.2).docx (1)<\/a><a href=\"https:\/\/dtech.uniroma3.it\/wp-content\/uploads\/2024\/12\/D3.C-Rilascio-della-prima-versione-della-piattaforma-Release-1.0.2.docx-1.pdf\" class=\"wp-block-file__button wp-element-button\" download aria-describedby=\"wp-block-file--media-049eb829-b5c2-4d1a-8bb7-a64c3efd5388\">Download<\/a><\/div>\n\n\n\n<div data-wp-interactive=\"core\/file\" class=\"wp-block-file\"><object data-wp-bind--hidden=\"!state.hasPdfPreview\" hidden class=\"wp-block-file__embed\" data=\"https:\/\/dtech.uniroma3.it\/wp-content\/uploads\/2024\/12\/D4.B-D5.B-Proof-of-concept-dei-Servizi-avanzati-3D-AR-e-VR.docx.pdf\" type=\"application\/pdf\" style=\"width:100%;height:600px\" aria-label=\"Incorporamento di D4.B - D5.B - Proof of concept dei Servizi avanzati 3D, AR e VR.docx.\"><\/object><a id=\"wp-block-file--media-42251d81-2f05-44f3-ac4f-85b31914619c\" href=\"https:\/\/dtech.uniroma3.it\/wp-content\/uploads\/2024\/12\/D4.B-D5.B-Proof-of-concept-dei-Servizi-avanzati-3D-AR-e-VR.docx.pdf\">D4.B &#8211; D5.B &#8211; Proof of concept dei Servizi avanzati 3D, AR e VR.docx<\/a><a href=\"https:\/\/dtech.uniroma3.it\/wp-content\/uploads\/2024\/12\/D4.B-D5.B-Proof-of-concept-dei-Servizi-avanzati-3D-AR-e-VR.docx.pdf\" class=\"wp-block-file__button wp-element-button\" download aria-describedby=\"wp-block-file--media-42251d81-2f05-44f3-ac4f-85b31914619c\">Download<\/a><\/div>\n\n\n\n<div data-wp-interactive=\"core\/file\" class=\"wp-block-file\"><object data-wp-bind--hidden=\"!state.hasPdfPreview\" hidden class=\"wp-block-file__embed\" data=\"https:\/\/dtech.uniroma3.it\/wp-content\/uploads\/2024\/12\/D4.C-D5.C-Primo-rilascio-di-produzione-dei-Servizi-avanzati-3D-AR-e-VR.docx-1-1.pdf\" type=\"application\/pdf\" style=\"width:100%;height:600px\" aria-label=\"Incorporamento di D4.C - D5.C - Primo rilascio di produzione dei Servizi avanzati, 3D, AR e VR.docx (1) (1).\"><\/object><a id=\"wp-block-file--media-416b4139-8183-408d-ab70-cd001e38f2a0\" href=\"https:\/\/dtech.uniroma3.it\/wp-content\/uploads\/2024\/12\/D4.C-D5.C-Primo-rilascio-di-produzione-dei-Servizi-avanzati-3D-AR-e-VR.docx-1-1.pdf\">D4.C &#8211; D5.C &#8211; Primo rilascio di produzione dei Servizi avanzati, 3D, AR e VR.docx (1) (1)<\/a><a href=\"https:\/\/dtech.uniroma3.it\/wp-content\/uploads\/2024\/12\/D4.C-D5.C-Primo-rilascio-di-produzione-dei-Servizi-avanzati-3D-AR-e-VR.docx-1-1.pdf\" class=\"wp-block-file__button wp-element-button\" download aria-describedby=\"wp-block-file--media-416b4139-8183-408d-ab70-cd001e38f2a0\">Download<\/a><\/div>\n\n\n\n<div data-wp-interactive=\"core\/file\" class=\"wp-block-file\"><object data-wp-bind--hidden=\"!state.hasPdfPreview\" hidden class=\"wp-block-file__embed\" data=\"https:\/\/dtech.uniroma3.it\/wp-content\/uploads\/2024\/12\/D5.A-Survey-e-progettazione-dei-servizi-di-AR-e-VR.docx.pdf\" type=\"application\/pdf\" style=\"width:100%;height:600px\" aria-label=\"Incorporamento di D5.A - Survey e progettazione dei servizi di AR e VR.docx.\"><\/object><a id=\"wp-block-file--media-5b68f9ac-f813-4905-b829-1c81d66c052c\" href=\"https:\/\/dtech.uniroma3.it\/wp-content\/uploads\/2024\/12\/D5.A-Survey-e-progettazione-dei-servizi-di-AR-e-VR.docx.pdf\">D5.A &#8211; Survey e progettazione dei servizi di AR e VR.docx<\/a><a href=\"https:\/\/dtech.uniroma3.it\/wp-content\/uploads\/2024\/12\/D5.A-Survey-e-progettazione-dei-servizi-di-AR-e-VR.docx.pdf\" class=\"wp-block-file__button wp-element-button\" download aria-describedby=\"wp-block-file--media-5b68f9ac-f813-4905-b829-1c81d66c052c\">Download<\/a><\/div>\n","protected":false},"excerpt":{"rendered":"<p>La piattaforma soddisfa i principi FAIR e, come prodotto compiuto rivolto al trasferimento di competenze tecnologiche nel campo del CH, pu\u00f2 essere installata presso tutti &#8230; <\/p>\n","protected":false},"author":1,"featured_media":0,"parent":0,"menu_order":0,"comment_status":"closed","ping_status":"closed","template":"","meta":{"footnotes":""},"class_list":["post-2","page","type-page","status-publish","hentry"],"_links":{"self":[{"href":"https:\/\/dtech.uniroma3.it\/index.php\/wp-json\/wp\/v2\/pages\/2","targetHints":{"allow":["GET"]}}],"collection":[{"href":"https:\/\/dtech.uniroma3.it\/index.php\/wp-json\/wp\/v2\/pages"}],"about":[{"href":"https:\/\/dtech.uniroma3.it\/index.php\/wp-json\/wp\/v2\/types\/page"}],"author":[{"embeddable":true,"href":"https:\/\/dtech.uniroma3.it\/index.php\/wp-json\/wp\/v2\/users\/1"}],"replies":[{"embeddable":true,"href":"https:\/\/dtech.uniroma3.it\/index.php\/wp-json\/wp\/v2\/comments?post=2"}],"version-history":[{"count":5,"href":"https:\/\/dtech.uniroma3.it\/index.php\/wp-json\/wp\/v2\/pages\/2\/revisions"}],"predecessor-version":[{"id":173,"href":"https:\/\/dtech.uniroma3.it\/index.php\/wp-json\/wp\/v2\/pages\/2\/revisions\/173"}],"wp:attachment":[{"href":"https:\/\/dtech.uniroma3.it\/index.php\/wp-json\/wp\/v2\/media?parent=2"}],"curies":[{"name":"wp","href":"https:\/\/api.w.org\/{rel}","templated":true}]}}