{"id":118,"date":"2024-11-15T15:24:40","date_gmt":"2024-11-15T15:24:40","guid":{"rendered":"https:\/\/dtech.uniroma3.it\/?page_id=118"},"modified":"2024-11-26T19:46:56","modified_gmt":"2024-11-26T19:46:56","slug":"news","status":"publish","type":"page","link":"https:\/\/dtech.uniroma3.it\/index.php\/news\/","title":{"rendered":"Digital Twin per il patrimonio &#8211; Presente e futuro della digitalizzazione dei beni culturali"},"content":{"rendered":"<h2>Gioved\u00ec 5 dicembre 2024 ore 9:00<\/h2>\n<p style=\"text-align: center;\"><em><mark><a href=\"https:\/\/forms.gle\/u9PKYSFDwER9RdCRA\">\u00a0 \u00a0 \u00a0 \u00a0 \u00a0 \u00a0 \u00a0 \u00a0 \u00a0 \u00a0 \u00a0 \u00a0 \u00a0 iscriviti per partecipare all&#8217;evento\u00a0 \u00a0 \u00a0 \u00a0 \u00a0 \u00a0 \u00a0 \u00a0 \u00a0 \u00a0 \u00a0 \u00a0 \u00a0<\/a><\/mark><\/em><\/p>\n<p>Dipartimento di Architettura | Universit\u00e0 degli Studi Roma Tre<br \/><em>Argiletum<\/em>, via della Madonna dei Monti n. 40, Aula Urbano VIII<\/p>\n<p style=\"text-align: center;\"><em><mark>NEWS: <a href=\"https:\/\/dtech.uniroma3.it\/wp-content\/uploads\/2024\/11\/DTECH_Programma_5-dicembre_v.pdf\">\u00a0 \u00a0 \u00a0 \u00a0 \u00a0 \u00a0 \u00a0 \u00a0 \u00a0 \u00a0 \u00a0scarica il programma dettagliato\u00a0\u00a0\u00a0\u00a0\u00a0\u00a0\u00a0\u00a0\u00a0\u00a0\u00a0\u00a0\u00a0\u00a0\u00a0\u00a0\u00a0\u00a0\u00a0\u00a0<\/a><\/mark><\/em><\/p>\n<h3>Stato dell\u2019arte e prospettive future della digitalizzazione 3D del patrimonio culturale.<\/h3>\n<p>Dialogo con le istituzioni che ne governano e ne monitorano il processo a livello nazionale: l\u2019Istituto centrale per la digitalizzazione del patrimonio culturale \u2013 Digital Library; La Fondazione Scuola dei beni e delle attivit\u00e0 culturali; la DG ABAP; il DIGI-CULT CAMP.<\/p>\n<h3>L\u2019uso e la condivisione dei dati 3D per la ricerca, la formazione, l\u2019analisi, e l\u2019arricchimento di contenuti attraverso piattaforme web.<\/h3>\n<p>Dialogo con centri di ricerca e universit\u00e0 italiane e internazionali: ISPC-CNR per il framework Aton; Lund University Digital Archaeology Laboratory; Dipartimento di Architettura Universit\u00e0 di Ferrara per il progetto <em>Inception; <\/em>Parco archeologico di Ercolano.<\/p>\n<h3>Open DATA, semantica e LOD.<\/h3>\n<p>Dialogo con le istituzioni che hanno intrapreso questo percorso di condivisione e chi studia il profilo giuridico di queste iniziative, interverranno: l\u2019ICCD sul nuovo Catalogo Generale; ricercatori dell\u2019Universit\u00e0 di Bologna sull\u2019ontologia ARCO; docenti del Dipartimento di Giurisprudenza dell\u2019Universit\u00e0 di Bari.<\/p>\n<h3>Comitato Scientifico<\/h3>\n<p>Marcello Balzani, Universit\u00e0 di Ferrara, Dipartimento di Architettura | Giulia Bordi, Universit\u00e0 Roma Tre, Dipartimento di Studi Umanistici | Marco Canciani, Universit\u00e0 Roma Tre, Dipartimento di Architettura | Claudio Cerreti, Societ\u00e0 Geografica Italiana | Stefano Converso, Universit\u00e0 Roma Tre, Dipartimento di Architettura | Maurizio Di Stefano, Presidente ICOMOS Italia | Francesca Fatta, Universit\u00e0 Mediterranea di Reggio Calabria, Dipartimento di Architettura e Territorio | Carla Masetti, Universit\u00e0 Roma Tre, Dipartimento di Studi Umanistici | Marialuisa Mongelli, Enea | Mauro Saccone, Universit\u00e0 Roma Tre, Dipartimento di Architettura | Giovanna Spadafora, Universit\u00e0 Roma Tre, Dipartimento di Architettura | Graziano Mario Valenti, Sapienza Universit\u00e0 di Roma, Dipartimento di Storia, Disegno e Restauro dell\u2019Architettura | Paolo Visca, Prorettore alla Ricerca, Universit\u00e0 Roma Tre.<\/p>\n<p><strong>Comitato Organizzatore:<\/strong> Marco Canciani, Carla Masetti, Marialuisa Mongelli, Mauro Saccone, Giovanna Spadafora.<\/p>\n<p><strong>Segreteria organizzativa:<\/strong> Barbara De Nitto, Elisabetta Tortora<br \/><strong>Coordinatori:<\/strong> Giovanna Spadafora, Mauro Saccone<\/p>\n\n\n<div data-wp-interactive=\"core\/file\" class=\"wp-block-file\"><object data-wp-bind--hidden=\"!state.hasPdfPreview\" hidden class=\"wp-block-file__embed\" data=\"https:\/\/dtech.uniroma3.it\/wp-content\/uploads\/2024\/11\/D-TECH_5-dicembre.pdf\" type=\"application\/pdf\" style=\"width:100%;height:600px\" aria-label=\"Incorporamento di D-TECH_5 dicembre.\"><\/object><a id=\"wp-block-file--media-7d5872d1-9d5f-4b87-8d6e-c6b03668bf75\" href=\"https:\/\/dtech.uniroma3.it\/wp-content\/uploads\/2024\/11\/D-TECH_5-dicembre.pdf\">D-TECH_5 dicembre<\/a><a href=\"https:\/\/dtech.uniroma3.it\/wp-content\/uploads\/2024\/11\/D-TECH_5-dicembre.pdf\" class=\"wp-block-file__button wp-element-button\" download aria-describedby=\"wp-block-file--media-7d5872d1-9d5f-4b87-8d6e-c6b03668bf75\">Download<\/a><\/div>\n\n\n\n<div data-wp-interactive=\"core\/file\" class=\"wp-block-file\"><object data-wp-bind--hidden=\"!state.hasPdfPreview\" hidden class=\"wp-block-file__embed\" data=\"https:\/\/dtech.uniroma3.it\/wp-content\/uploads\/2024\/11\/DTECH_Programma_5-dicembre_v.pdf\" type=\"application\/pdf\" style=\"width:100%;height:600px\" aria-label=\"Incorporamento di DTECH_Programma_5 dicembre_v.\"><\/object><a id=\"wp-block-file--media-5dbec8f9-f16c-4543-bf8b-cb835eeaaa85\" href=\"https:\/\/dtech.uniroma3.it\/wp-content\/uploads\/2024\/11\/DTECH_Programma_5-dicembre_v.pdf\">DTECH_Programma_5 dicembre_v<\/a><a href=\"https:\/\/dtech.uniroma3.it\/wp-content\/uploads\/2024\/11\/DTECH_Programma_5-dicembre_v.pdf\" class=\"wp-block-file__button wp-element-button\" download aria-describedby=\"wp-block-file--media-5dbec8f9-f16c-4543-bf8b-cb835eeaaa85\">Download<\/a><\/div>\n","protected":false},"excerpt":{"rendered":"<p>Gioved\u00ec 5 dicembre 2024 ore 9:00 \u00a0 \u00a0 \u00a0 \u00a0 \u00a0 \u00a0 \u00a0 \u00a0 \u00a0 \u00a0 \u00a0 \u00a0 \u00a0 iscriviti per partecipare all&#8217;evento\u00a0 \u00a0 \u00a0 &#8230; <\/p>\n","protected":false},"author":3,"featured_media":119,"parent":0,"menu_order":0,"comment_status":"closed","ping_status":"closed","template":"","meta":{"footnotes":""},"class_list":["post-118","page","type-page","status-publish","has-post-thumbnail","hentry"],"_links":{"self":[{"href":"https:\/\/dtech.uniroma3.it\/index.php\/wp-json\/wp\/v2\/pages\/118","targetHints":{"allow":["GET"]}}],"collection":[{"href":"https:\/\/dtech.uniroma3.it\/index.php\/wp-json\/wp\/v2\/pages"}],"about":[{"href":"https:\/\/dtech.uniroma3.it\/index.php\/wp-json\/wp\/v2\/types\/page"}],"author":[{"embeddable":true,"href":"https:\/\/dtech.uniroma3.it\/index.php\/wp-json\/wp\/v2\/users\/3"}],"replies":[{"embeddable":true,"href":"https:\/\/dtech.uniroma3.it\/index.php\/wp-json\/wp\/v2\/comments?post=118"}],"version-history":[{"count":24,"href":"https:\/\/dtech.uniroma3.it\/index.php\/wp-json\/wp\/v2\/pages\/118\/revisions"}],"predecessor-version":[{"id":161,"href":"https:\/\/dtech.uniroma3.it\/index.php\/wp-json\/wp\/v2\/pages\/118\/revisions\/161"}],"wp:featuredmedia":[{"embeddable":true,"href":"https:\/\/dtech.uniroma3.it\/index.php\/wp-json\/wp\/v2\/media\/119"}],"wp:attachment":[{"href":"https:\/\/dtech.uniroma3.it\/index.php\/wp-json\/wp\/v2\/media?parent=118"}],"curies":[{"name":"wp","href":"https:\/\/api.w.org\/{rel}","templated":true}]}}